{"id":730,"date":"2025-11-28T11:37:21","date_gmt":"2025-11-28T10:37:21","guid":{"rendered":"https:\/\/www.archadie.cz\/?page_id=730"},"modified":"2025-11-28T11:37:21","modified_gmt":"2025-11-28T10:37:21","slug":"wc-bidet-2v1","status":"publish","type":"page","link":"https:\/\/www.archadie.cz\/?page_id=730","title":{"rendered":"WC + bidet 2v1"},"content":{"rendered":"<p>[et_pb_section fb_built=&#8220;1&#8243; theme_builder_area=&#8220;post_content&#8220; _builder_version=&#8220;4.27.4&#8243; _module_preset=&#8220;default&#8220;][et_pb_row _builder_version=&#8220;4.27.4&#8243; _module_preset=&#8220;default&#8220; theme_builder_area=&#8220;post_content&#8220;][et_pb_column _builder_version=&#8220;4.27.4&#8243; _module_preset=&#8220;default&#8220; type=&#8220;4_4&#8243; theme_builder_area=&#8220;post_content&#8220;][et_pb_image src=&#8220;http:\/\/www.archadie.cz\/wp-content\/uploads\/2020\/05\/OSTATNI-banner-1920&#215;430-3.png&#8220; _builder_version=&#8220;4.27.4&#8243; _module_preset=&#8220;default&#8220; theme_builder_area=&#8220;post_content&#8220; title_text=&#8220;OSTATNI-banner-1920&#215;430-3&#8243; hover_enabled=&#8220;0&#8243; sticky_enabled=&#8220;0&#8243;][\/et_pb_image][\/et_pb_column][\/et_pb_row][et_pb_row _builder_version=&#8220;4.27.4&#8243; _module_preset=&#8220;default&#8220; theme_builder_area=&#8220;post_content&#8220;][et_pb_column _builder_version=&#8220;4.27.4&#8243; _module_preset=&#8220;default&#8220; type=&#8220;4_4&#8243; theme_builder_area=&#8220;post_content&#8220;][et_pb_text _builder_version=&#8220;4.27.4&#8243; _module_preset=&#8220;default&#8220; theme_builder_area=&#8220;post_content&#8220; hover_enabled=&#8220;0&#8243; sticky_enabled=&#8220;0&#8243;]<\/p>\n<p><span style=\"color: #000000;\">Jsme v\u00fdhradn\u00edm dovozcem revolu\u010dn\u00edho produktu Creavit WC a bidet 2v1. Tento inovativn\u00ed syst\u00e9m kombinuje pohodl\u00ed toalety s hygienick\u00fdmi v\u00fdhodami bidetu, co\u017e p\u0159in\u00e1\u0161\u00ed zcela nov\u00fd standard do va\u0161\u00ed koupelny. Na\u0161e produkty jsou navr\u017eeny s ohledem na modern\u00ed design a maxim\u00e1ln\u00ed funk\u010dnost, aby splnily pot\u0159eby i t\u011bch nejn\u00e1ro\u010dn\u011bj\u0161\u00edch z\u00e1kazn\u00edk\u016f. Objevte, jak m\u016f\u017ee b\u00fdt ka\u017edodenn\u00ed hygiena nejen praktick\u00e1, ale i p\u0159\u00edjemn\u00e1. S Creavit WC a bidetem 2v1 za\u017eijete komfort, kter\u00fd si zamilujete.<\/span><\/p>\n<p>[\/et_pb_text][\/et_pb_column][\/et_pb_row][et_pb_row _builder_version=&#8220;4.27.4&#8243; _module_preset=&#8220;default&#8220; theme_builder_area=&#8220;post_content&#8220;][et_pb_column _builder_version=&#8220;4.27.4&#8243; _module_preset=&#8220;default&#8220; type=&#8220;4_4&#8243; theme_builder_area=&#8220;post_content&#8220;][et_pb_button button_text=&#8220;E-shop WC+bidet 2v1&#8243; _builder_version=&#8220;4.27.4&#8243; _module_preset=&#8220;default&#8220; theme_builder_area=&#8220;post_content&#8220; button_url=&#8220;https:\/\/www.wcbidety2v1.cz\/&#8220; url_new_window=&#8220;on&#8220; button_alignment=&#8220;center&#8220; hover_enabled=&#8220;0&#8243; sticky_enabled=&#8220;0&#8243;][\/et_pb_button][\/et_pb_column][\/et_pb_row][\/et_pb_section]<\/p>\n","protected":false},"excerpt":{"rendered":"<p>Jsme v\u00fdhradn\u00edm dovozcem revolu\u010dn\u00edho produktu Creavit WC a bidet 2v1. Tento inovativn\u00ed syst\u00e9m kombinuje pohodl\u00ed toalety s hygienick\u00fdmi v\u00fdhodami bidetu, co\u017e p\u0159in\u00e1\u0161\u00ed zcela nov\u00fd standard do va\u0161\u00ed koupelny. Na\u0161e produkty jsou navr\u017eeny s ohledem na modern\u00ed design a maxim\u00e1ln\u00ed funk\u010dnost, aby splnily pot\u0159eby i t\u011bch nejn\u00e1ro\u010dn\u011bj\u0161\u00edch z\u00e1kazn\u00edk\u016f. Objevte, jak m\u016f\u017ee b\u00fdt ka\u017edodenn\u00ed hygiena nejen praktick\u00e1, [&hellip;]<\/p>\n","protected":false},"author":1,"featured_media":0,"parent":0,"menu_order":0,"comment_status":"closed","ping_status":"closed","template":"","meta":{"ngg_post_thumbnail":0,"_et_pb_use_builder":"on","_et_pb_old_content":"","_et_gb_content_width":""},"_links":{"self":[{"href":"https:\/\/www.archadie.cz\/index.php?rest_route=\/wp\/v2\/pages\/730"}],"collection":[{"href":"https:\/\/www.archadie.cz\/index.php?rest_route=\/wp\/v2\/pages"}],"about":[{"href":"https:\/\/www.archadie.cz\/index.php?rest_route=\/wp\/v2\/types\/page"}],"author":[{"embeddable":true,"href":"https:\/\/www.archadie.cz\/index.php?rest_route=\/wp\/v2\/users\/1"}],"replies":[{"embeddable":true,"href":"https:\/\/www.archadie.cz\/index.php?rest_route=%2Fwp%2Fv2%2Fcomments&post=730"}],"version-history":[{"count":2,"href":"https:\/\/www.archadie.cz\/index.php?rest_route=\/wp\/v2\/pages\/730\/revisions"}],"predecessor-version":[{"id":732,"href":"https:\/\/www.archadie.cz\/index.php?rest_route=\/wp\/v2\/pages\/730\/revisions\/732"}],"wp:attachment":[{"href":"https:\/\/www.archadie.cz\/index.php?rest_route=%2Fwp%2Fv2%2Fmedia&parent=730"}],"curies":[{"name":"wp","href":"https:\/\/api.w.org\/{rel}","templated":true}]}}