{"id":488,"date":"2020-05-22T17:33:10","date_gmt":"2020-05-22T15:33:10","guid":{"rendered":"http:\/\/www.archadie.cz\/?page_id=488"},"modified":"2025-11-28T11:13:52","modified_gmt":"2025-11-28T10:13:52","slug":"488-2","status":"publish","type":"page","link":"https:\/\/www.archadie.cz\/","title":{"rendered":""},"content":{"rendered":"<p>[et_pb_section fb_built=&#8220;1&#8243; fullwidth=&#8220;on&#8220; _builder_version=&#8220;4.16&#8243; global_colors_info=&#8220;{}&#8220;][et_pb_fullwidth_image src=&#8220;http:\/\/www.archadie.cz\/wp-content\/uploads\/2025\/11\/BANER-INDEX_1920_430.png&#8220; title_text=&#8220;BANER INDEX_1920_430&#8243; _builder_version=&#8220;4.27.4&#8243; global_colors_info=&#8220;{}&#8220;][\/et_pb_fullwidth_image][\/et_pb_section][et_pb_section fb_built=&#8220;1&#8243; _builder_version=&#8220;4.16&#8243; global_colors_info=&#8220;{}&#8220;][et_pb_row _builder_version=&#8220;4.27.4&#8243; _module_preset=&#8220;default&#8220; global_colors_info=&#8220;{}&#8220;][et_pb_column type=&#8220;4_4&#8243; _builder_version=&#8220;4.27.4&#8243; _module_preset=&#8220;default&#8220; global_colors_info=&#8220;{}&#8220;][et_pb_text _builder_version=&#8220;4.27.4&#8243; _module_preset=&#8220;default&#8220; custom_padding=&#8220;7px||||false|false&#8220; border_width_all=&#8220;2px&#8220; global_colors_info=&#8220;{}&#8220;]<\/p>\n<h3 style=\"text-align: center;\"><span style=\"color: #000000;\">Na\u0161e firma ARCHADIE s.r.o. nab\u00edz\u00ed \u0161irok\u00e9 spektrum stavebn\u00edch \u010dinnost\u00ed, kter\u00e9 pokr\u00fdvaj\u00ed v\u0161echny va\u0161e pot\u0159eby. Od precizn\u00edho strojn\u00edho \u010di\u0161t\u011bn\u00ed a\u017e po odborn\u00e9 demoli\u010dn\u00ed pr\u00e1ce, jsme tu, abychom splnili va\u0161e po\u017eadavky. S d\u016frazem na kvalitu a spokojenost z\u00e1kazn\u00edk\u016f v\u00e1m pom\u016f\u017eeme p\u0159etvo\u0159it va\u0161e n\u00e1pady ve skute\u010dnost.\u00a0<\/span><\/h3>\n<p>[\/et_pb_text][\/et_pb_column][\/et_pb_row][et_pb_row column_structure=&#8220;1_2,1_2&#8243; _builder_version=&#8220;4.27.4&#8243; _module_preset=&#8220;default&#8220; global_colors_info=&#8220;{}&#8220;][et_pb_column type=&#8220;1_2&#8243; _builder_version=&#8220;4.27.4&#8243; _module_preset=&#8220;default&#8220; global_colors_info=&#8220;{}&#8220;][et_pb_image src=&#8220;http:\/\/www.archadie.cz\/wp-content\/uploads\/2025\/11\/AdobeStock_739720225-scaled.jpeg&#8220; title_text=&#8220;Crane and building construction site&#8220; _builder_version=&#8220;4.27.4&#8243; _module_preset=&#8220;default&#8220; global_colors_info=&#8220;{}&#8220;][\/et_pb_image][\/et_pb_column][et_pb_column type=&#8220;1_2&#8243; _builder_version=&#8220;4.27.4&#8243; _module_preset=&#8220;default&#8220; global_colors_info=&#8220;{}&#8220;][et_pb_text _builder_version=&#8220;4.27.4&#8243; _module_preset=&#8220;default&#8220; hover_enabled=&#8220;0&#8243; global_colors_info=&#8220;{}&#8220; sticky_enabled=&#8220;0&#8243;]<\/p>\n<p><strong><span style=\"color: #000000;\">STAVEBN\u00cd \u010cINNOST<\/span><\/strong><\/p>\n<p><span style=\"color: #000000;\"><\/span><\/p>\n<p><span style=\"color: #000000;\">Na\u0161e spole\u010dnost nab\u00edz\u00ed \u0161irok\u00e9 spektrum stavebn\u00edch prac\u00ed, kter\u00e9 spln\u00ed o\u010dek\u00e1v\u00e1n\u00ed i t\u011bch nejn\u00e1ro\u010dn\u011bj\u0161\u00edch z\u00e1kazn\u00edk\u016f. Od z\u00e1kladn\u00edch konstrukc\u00ed po slo\u017eit\u00e9 architektonick\u00e9 projekty, jsme tu, abychom v\u00e1m pomohli s ka\u017ed\u00fdm krokem va\u0161\u00ed stavebn\u00ed cesty. Na\u0161i odborn\u00edci se postaraj\u00ed o to, aby va\u0161e n\u00e1pady o\u017eily a staly se realitou. S d\u016frazem na kvalitu a spolehlivost se m\u016f\u017eete spolehnout, \u017ee va\u0161e projekty budou dokon\u010deny v\u010das a s maxim\u00e1ln\u00ed preciznost\u00ed. Kontaktujte n\u00e1s a zjist\u011bte, jak m\u016f\u017eeme spole\u010dn\u011b vytvo\u0159it n\u011bco v\u00fdjime\u010dn\u00e9ho.<\/span><\/p>\n<p>[\/et_pb_text][\/et_pb_column][\/et_pb_row][et_pb_row column_structure=&#8220;1_2,1_2&#8243; _builder_version=&#8220;4.27.4&#8243; _module_preset=&#8220;default&#8220; global_colors_info=&#8220;{}&#8220;][et_pb_column type=&#8220;1_2&#8243; _builder_version=&#8220;4.27.4&#8243; _module_preset=&#8220;default&#8220; global_colors_info=&#8220;{}&#8220;][et_pb_image src=&#8220;http:\/\/www.archadie.cz\/wp-content\/uploads\/2025\/11\/AdobeStock_636872210-scaled.jpeg&#8220; title_text=&#8220;Cleaning hard floor with the cleaning machine&#8220; _builder_version=&#8220;4.27.4&#8243; _module_preset=&#8220;default&#8220; global_colors_info=&#8220;{}&#8220;][\/et_pb_image][\/et_pb_column][et_pb_column type=&#8220;1_2&#8243; _builder_version=&#8220;4.27.4&#8243; _module_preset=&#8220;default&#8220; global_colors_info=&#8220;{}&#8220;][et_pb_text _builder_version=&#8220;4.27.4&#8243; _module_preset=&#8220;default&#8220; hover_enabled=&#8220;0&#8243; global_colors_info=&#8220;{}&#8220; sticky_enabled=&#8220;0&#8243;]<\/p>\n<p style=\"text-align: left;\"><strong><span style=\"color: #000000;\">STROJOV\u00c9 \u010cI\u0160T\u011aN\u00cd<\/span><\/strong><\/p>\n<p><span style=\"color: #000000;\"><\/span><\/p>\n<p><span style=\"color: #000000;\">Specializujeme se na strojov\u00e9 \u010di\u0161t\u011bn\u00ed, kter\u00e9 p\u0159in\u00e1\u0161\u00ed efektivn\u00ed a rychl\u00e9 \u0159e\u0161en\u00ed pro \u00fadr\u017ebu va\u0161ich prostor. Na\u0161e modern\u00ed technologie a odborn\u00fd t\u00fdm zajist\u00ed, \u017ee ka\u017ed\u00fd kout va\u0161eho interi\u00e9ru bude dokonale vy\u010di\u0161t\u011bn a osv\u011b\u017een. A\u0165 u\u017e se jedn\u00e1 o komer\u010dn\u00ed prostory, kancel\u00e1\u0159e nebo dom\u00e1cnosti, na\u0161e slu\u017eby jsou navr\u017eeny tak, aby splnily va\u0161e specifick\u00e9 po\u017eadavky. S n\u00e1mi z\u00edsk\u00e1te nejen \u010distotu, ale tak\u00e9 zdrav\u011bj\u0161\u00ed prost\u0159ed\u00ed pro v\u00e1s a va\u0161e bl\u00edzk\u00e9. Objevte v\u00fdhody strojov\u00e9ho \u010di\u0161t\u011bn\u00ed s ARCHADIE s.r.o. a dejte sv\u00fdm prostor\u016fm nov\u00fd \u017eivot.<\/span><\/p>\n<p>[\/et_pb_text][\/et_pb_column][\/et_pb_row][et_pb_row column_structure=&#8220;1_2,1_2&#8243; _builder_version=&#8220;4.27.4&#8243; _module_preset=&#8220;default&#8220; global_colors_info=&#8220;{}&#8220;][et_pb_column type=&#8220;1_2&#8243; _builder_version=&#8220;4.27.4&#8243; _module_preset=&#8220;default&#8220; global_colors_info=&#8220;{}&#8220;][et_pb_image src=&#8220;http:\/\/www.archadie.cz\/wp-content\/uploads\/2025\/11\/AdobeStock_264874512-scaled.jpeg&#8220; title_text=&#8220;engineers pointing to building on blueprint and using laptop to&#8220; _builder_version=&#8220;4.27.4&#8243; _module_preset=&#8220;default&#8220; global_colors_info=&#8220;{}&#8220;][\/et_pb_image][\/et_pb_column][et_pb_column type=&#8220;1_2&#8243; _builder_version=&#8220;4.27.4&#8243; _module_preset=&#8220;default&#8220; global_colors_info=&#8220;{}&#8220;][et_pb_text _builder_version=&#8220;4.27.4&#8243; _module_preset=&#8220;default&#8220; hover_enabled=&#8220;0&#8243; global_colors_info=&#8220;{}&#8220; sticky_enabled=&#8220;0&#8243;]<\/p>\n<p><strong><span style=\"color: #000000;\">PROJEK\u010cN\u00cd SLU\u017dBY<\/span><\/strong><\/p>\n<p><span style=\"color: #000000;\"><\/span><\/p>\n<p><span style=\"color: #000000;\">Na\u0161e projek\u010dn\u00ed slu\u017eby jsou navr\u017eeny tak, aby splnily va\u0161e specifick\u00e9 po\u017eadavky a p\u0159\u00e1n\u00ed. V\u011b\u0159\u00edme, \u017ee kvalitn\u00ed projektov\u00e1n\u00ed je z\u00e1kladem \u00fasp\u011b\u0161n\u00e9ho stavebn\u00edho procesu. Na\u0161i zku\u0161en\u00ed architekti a projektanti pracuj\u00ed s nejnov\u011bj\u0161\u00edmi technologiemi a trendy, aby vytvo\u0159ili n\u00e1vrhy, kter\u00e9 jsou nejen funk\u010dn\u00ed, ale tak\u00e9 esteticky p\u016fsobiv\u00e9. Ka\u017ed\u00fd projekt je pro n\u00e1s v\u00fdzvou, kterou p\u0159ij\u00edm\u00e1me s nad\u0161en\u00edm a odhodl\u00e1n\u00edm. Spole\u010dn\u011b s v\u00e1mi se pust\u00edme do realizace va\u0161ich sn\u016f a vytvo\u0159\u00edme prostor, kter\u00fd bude odr\u00e1\u017eet va\u0161i vizi a \u017eivotn\u00ed styl.<\/span><\/p>\n<p>[\/et_pb_text][\/et_pb_column][\/et_pb_row][et_pb_row column_structure=&#8220;1_2,1_2&#8243; _builder_version=&#8220;4.27.4&#8243; _module_preset=&#8220;default&#8220; global_colors_info=&#8220;{}&#8220;][et_pb_column type=&#8220;1_2&#8243; _builder_version=&#8220;4.27.4&#8243; _module_preset=&#8220;default&#8220; global_colors_info=&#8220;{}&#8220;][et_pb_image src=&#8220;http:\/\/www.archadie.cz\/wp-content\/uploads\/2025\/11\/AdobeStock_1569160073-scaled.jpeg&#8220; title_text=&#8220;A man in a blue and orange outfit is using a jackhammer to break up rocks&#8220; _builder_version=&#8220;4.27.4&#8243; _module_preset=&#8220;default&#8220; global_colors_info=&#8220;{}&#8220;][\/et_pb_image][\/et_pb_column][et_pb_column type=&#8220;1_2&#8243; _builder_version=&#8220;4.27.4&#8243; _module_preset=&#8220;default&#8220; global_colors_info=&#8220;{}&#8220;][et_pb_text _builder_version=&#8220;4.27.4&#8243; _module_preset=&#8220;default&#8220; hover_enabled=&#8220;0&#8243; global_colors_info=&#8220;{}&#8220; sticky_enabled=&#8220;0&#8243;]<\/p>\n<p><strong><span style=\"color: #000000;\">DEMOLI\u010cN\u00cd PR\u00c1CE<\/span><\/strong><\/p>\n<p><span style=\"color: #000000;\"><\/span><\/p>\n<p><span style=\"color: #000000;\">Specializujeme se na komplexn\u00ed demoli\u010dn\u00ed pr\u00e1ce, kter\u00e9 prov\u00e1d\u00edme s maxim\u00e1ln\u00ed preciznost\u00ed a ohledem na bezpe\u010dnost. Ch\u00e1peme, \u017ee demoli\u010dn\u00ed proces je kl\u00ed\u010dov\u00fdm krokem v ka\u017ed\u00e9m stavebn\u00edm projektu, a proto se sna\u017e\u00edme zajistit, aby byl proveden efektivn\u011b a bez zbyte\u010dn\u00fdch komplikac\u00ed. Na\u0161i zku\u0161en\u00ed odborn\u00edci pou\u017e\u00edvaj\u00ed modern\u00ed technologie a vybaven\u00ed, aby zajistili, \u017ee v\u0161echny pr\u00e1ce prob\u00edhaj\u00ed hladce a v souladu s platn\u00fdmi p\u0159edpisy. S n\u00e1mi m\u016f\u017eete m\u00edt jistotu, \u017ee va\u0161e demoli\u010dn\u00ed projekty budou realizov\u00e1ny rychle a kvalitn\u011b, co\u017e v\u00e1m umo\u017en\u00ed plynule p\u0159ej\u00edt k dal\u0161\u00edm f\u00e1z\u00edm v\u00fdstavby.<\/span><\/p>\n<p>[\/et_pb_text][\/et_pb_column][\/et_pb_row][et_pb_row _builder_version=&#8220;4.16&#8243; global_colors_info=&#8220;{}&#8220;][et_pb_column type=&#8220;4_4&#8243; _builder_version=&#8220;4.16&#8243; global_colors_info=&#8220;{}&#8220;][et_pb_contact_form email=&#8220;info@archadie.cz&#8220; title=&#8220;Kontaktn\u00ed formul\u00e1\u0159&#8220; submit_button_text=&#8220;Odeslat&#8220; _builder_version=&#8220;4.27.4&#8243; _unique_id=&#8220;a1b08423-a3dd-47fd-8acc-9e3ee5332b15&#8243; title_level=&#8220;h4&#8243; title_font=&#8220;|700|||||||&#8220; title_text_align=&#8220;center&#8220; custom_button=&#8220;on&#8220; button_text_color=&#8220;#E09900&#8243; button_border_color=&#8220;#E09900&#8243; global_colors_info=&#8220;{}&#8220;][et_pb_contact_field field_id=&#8220;Name&#8220; field_title=&#8220;Jm\u00e9no&#8220; _builder_version=&#8220;4.16&#8243; global_colors_info=&#8220;{}&#8220; button_text_size__hover_enabled=&#8220;off&#8220; button_one_text_size__hover_enabled=&#8220;off&#8220; button_two_text_size__hover_enabled=&#8220;off&#8220; button_text_color__hover_enabled=&#8220;off&#8220; button_one_text_color__hover_enabled=&#8220;off&#8220; button_two_text_color__hover_enabled=&#8220;off&#8220; button_border_width__hover_enabled=&#8220;off&#8220; button_one_border_width__hover_enabled=&#8220;off&#8220; button_two_border_width__hover_enabled=&#8220;off&#8220; button_border_color__hover_enabled=&#8220;off&#8220; button_one_border_color__hover_enabled=&#8220;off&#8220; button_two_border_color__hover_enabled=&#8220;off&#8220; button_border_radius__hover_enabled=&#8220;off&#8220; button_one_border_radius__hover_enabled=&#8220;off&#8220; button_two_border_radius__hover_enabled=&#8220;off&#8220; button_letter_spacing__hover_enabled=&#8220;off&#8220; button_one_letter_spacing__hover_enabled=&#8220;off&#8220; button_two_letter_spacing__hover_enabled=&#8220;off&#8220; button_bg_color__hover_enabled=&#8220;off&#8220; button_one_bg_color__hover_enabled=&#8220;off&#8220; button_two_bg_color__hover_enabled=&#8220;off&#8220;][\/et_pb_contact_field][et_pb_contact_field field_id=&#8220;Email&#8220; field_title=&#8220;E-mailov\u00e1 adresa&#8220; field_type=&#8220;email&#8220; _builder_version=&#8220;4.16&#8243; global_colors_info=&#8220;{}&#8220; button_text_size__hover_enabled=&#8220;off&#8220; button_one_text_size__hover_enabled=&#8220;off&#8220; button_two_text_size__hover_enabled=&#8220;off&#8220; button_text_color__hover_enabled=&#8220;off&#8220; button_one_text_color__hover_enabled=&#8220;off&#8220; button_two_text_color__hover_enabled=&#8220;off&#8220; button_border_width__hover_enabled=&#8220;off&#8220; button_one_border_width__hover_enabled=&#8220;off&#8220; button_two_border_width__hover_enabled=&#8220;off&#8220; button_border_color__hover_enabled=&#8220;off&#8220; button_one_border_color__hover_enabled=&#8220;off&#8220; button_two_border_color__hover_enabled=&#8220;off&#8220; button_border_radius__hover_enabled=&#8220;off&#8220; button_one_border_radius__hover_enabled=&#8220;off&#8220; button_two_border_radius__hover_enabled=&#8220;off&#8220; button_letter_spacing__hover_enabled=&#8220;off&#8220; button_one_letter_spacing__hover_enabled=&#8220;off&#8220; button_two_letter_spacing__hover_enabled=&#8220;off&#8220; button_bg_color__hover_enabled=&#8220;off&#8220; button_one_bg_color__hover_enabled=&#8220;off&#8220; button_two_bg_color__hover_enabled=&#8220;off&#8220;][\/et_pb_contact_field][et_pb_contact_field field_id=&#8220;Message&#8220; field_title=&#8220;Zpr\u00e1va&#8220; field_type=&#8220;text&#8220; fullwidth_field=&#8220;on&#8220; _builder_version=&#8220;4.16&#8243; global_colors_info=&#8220;{}&#8220; button_text_size__hover_enabled=&#8220;off&#8220; button_one_text_size__hover_enabled=&#8220;off&#8220; button_two_text_size__hover_enabled=&#8220;off&#8220; button_text_color__hover_enabled=&#8220;off&#8220; button_one_text_color__hover_enabled=&#8220;off&#8220; button_two_text_color__hover_enabled=&#8220;off&#8220; button_border_width__hover_enabled=&#8220;off&#8220; button_one_border_width__hover_enabled=&#8220;off&#8220; button_two_border_width__hover_enabled=&#8220;off&#8220; button_border_color__hover_enabled=&#8220;off&#8220; button_one_border_color__hover_enabled=&#8220;off&#8220; button_two_border_color__hover_enabled=&#8220;off&#8220; button_border_radius__hover_enabled=&#8220;off&#8220; button_one_border_radius__hover_enabled=&#8220;off&#8220; button_two_border_radius__hover_enabled=&#8220;off&#8220; button_letter_spacing__hover_enabled=&#8220;off&#8220; button_one_letter_spacing__hover_enabled=&#8220;off&#8220; button_two_letter_spacing__hover_enabled=&#8220;off&#8220; button_bg_color__hover_enabled=&#8220;off&#8220; button_one_bg_color__hover_enabled=&#8220;off&#8220; button_two_bg_color__hover_enabled=&#8220;off&#8220;][\/et_pb_contact_field][\/et_pb_contact_form][\/et_pb_column][\/et_pb_row][\/et_pb_section]<\/p>\n","protected":false},"excerpt":{"rendered":"<p>Na\u0161e firma ARCHADIE s.r.o. nab\u00edz\u00ed \u0161irok\u00e9 spektrum stavebn\u00edch \u010dinnost\u00ed, kter\u00e9 pokr\u00fdvaj\u00ed v\u0161echny va\u0161e pot\u0159eby. Od precizn\u00edho strojn\u00edho \u010di\u0161t\u011bn\u00ed a\u017e po odborn\u00e9 demoli\u010dn\u00ed pr\u00e1ce, jsme tu, abychom splnili va\u0161e po\u017eadavky. S d\u016frazem na kvalitu a spokojenost z\u00e1kazn\u00edk\u016f v\u00e1m pom\u016f\u017eeme p\u0159etvo\u0159it va\u0161e n\u00e1pady ve skute\u010dnost.\u00a0STAVEBN\u00cd \u010cINNOST Na\u0161e spole\u010dnost nab\u00edz\u00ed \u0161irok\u00e9 spektrum stavebn\u00edch prac\u00ed, kter\u00e9 spln\u00ed o\u010dek\u00e1v\u00e1n\u00ed i [&hellip;]<\/p>\n","protected":false},"author":1,"featured_media":374,"parent":0,"menu_order":0,"comment_status":"closed","ping_status":"closed","template":"","meta":{"ngg_post_thumbnail":0,"_et_pb_use_builder":"on","_et_pb_old_content":"","_et_gb_content_width":""},"_links":{"self":[{"href":"https:\/\/www.archadie.cz\/index.php?rest_route=\/wp\/v2\/pages\/488"}],"collection":[{"href":"https:\/\/www.archadie.cz\/index.php?rest_route=\/wp\/v2\/pages"}],"about":[{"href":"https:\/\/www.archadie.cz\/index.php?rest_route=\/wp\/v2\/types\/page"}],"author":[{"embeddable":true,"href":"https:\/\/www.archadie.cz\/index.php?rest_route=\/wp\/v2\/users\/1"}],"replies":[{"embeddable":true,"href":"https:\/\/www.archadie.cz\/index.php?rest_route=%2Fwp%2Fv2%2Fcomments&post=488"}],"version-history":[{"count":32,"href":"https:\/\/www.archadie.cz\/index.php?rest_route=\/wp\/v2\/pages\/488\/revisions"}],"predecessor-version":[{"id":725,"href":"https:\/\/www.archadie.cz\/index.php?rest_route=\/wp\/v2\/pages\/488\/revisions\/725"}],"wp:featuredmedia":[{"embeddable":true,"href":"https:\/\/www.archadie.cz\/index.php?rest_route=\/wp\/v2\/media\/374"}],"wp:attachment":[{"href":"https:\/\/www.archadie.cz\/index.php?rest_route=%2Fwp%2Fv2%2Fmedia&parent=488"}],"curies":[{"name":"wp","href":"https:\/\/api.w.org\/{rel}","templated":true}]}}