{"id":20,"date":"2016-05-11T14:01:49","date_gmt":"2016-05-11T12:01:49","guid":{"rendered":"http:\/\/www.archadie.cz\/?page_id=20"},"modified":"2025-11-28T12:00:13","modified_gmt":"2025-11-28T11:00:13","slug":"kontakt","status":"publish","type":"page","link":"https:\/\/www.archadie.cz\/?page_id=20","title":{"rendered":"Kontakt"},"content":{"rendered":"<p>[et_pb_section fb_built=&#8220;1&#8243; admin_label=&#8220;section&#8220; _builder_version=&#8220;4.16&#8243; global_colors_info=&#8220;{}&#8220;][et_pb_row admin_label=&#8220;row&#8220; _builder_version=&#8220;4.16&#8243; background_size=&#8220;initial&#8220; background_position=&#8220;top_left&#8220; background_repeat=&#8220;repeat&#8220; global_colors_info=&#8220;{}&#8220;][et_pb_column type=&#8220;4_4&#8243; _builder_version=&#8220;4.16&#8243; custom_padding=&#8220;|||&#8220; global_colors_info=&#8220;{}&#8220; custom_padding__hover=&#8220;|||&#8220;][et_pb_text admin_label=&#8220;Text&#8220; _builder_version=&#8220;4.27.4&#8243; background_size=&#8220;initial&#8220; background_position=&#8220;top_left&#8220; background_repeat=&#8220;repeat&#8220; hover_enabled=&#8220;0&#8243; global_colors_info=&#8220;{}&#8220; sticky_enabled=&#8220;0&#8243;]<\/p>\n<p style=\"text-align: left;\"><span style=\"color: #000000;\"><strong>ARCHADIE s.r.o.<\/strong><\/span><\/p>\n<p style=\"text-align: left;\"><span style=\"color: #000000;\">Kubel\u00edkova 1224\/42<\/span><\/p>\n<p style=\"text-align: left;\"><span style=\"color: #000000;\">130 00 Praha 3<\/span><\/p>\n<p style=\"text-align: left;\"><span style=\"color: #000000;\">I\u010cO: 28089103<\/span><\/p>\n<p style=\"text-align: left;\"><span style=\"color: #000000;\">DI\u010c: CZ28089103<\/span><\/p>\n<p style=\"text-align: left;\"><span style=\"color: #000000;\">tel.: <strong>777 555 298<\/strong><\/span><\/p>\n<p style=\"text-align: left;\"><span style=\"color: #000000;\">e-mail: <strong>info@archadie.cz<\/strong><\/span><\/p>\n<p>&nbsp;<\/p>\n<p>&nbsp;<\/p>\n<p>\n<script>\/\/ <![CDATA[ (function(i,s,o,g,r,a,m){i['GoogleAnalyticsObject']=r;i[r]=i[r]||function(){ (i[r].q=i[r].q||[]).push(arguments)},i[r].l=1*new Date();a=s.createElement(o), m=s.getElementsByTagName(o)[0];a.async=1;a.src=g;m.parentNode.insertBefore(a,m) })(window,document,'script','https:\/\/www.google-analytics.com\/analytics.js','ga'); ga('create', 'UA-79356055-1', 'auto'); ga('send', 'pageview'); \/\/ ]]><\/script>\n<\/p>\n<p>[\/et_pb_text][\/et_pb_column][\/et_pb_row][\/et_pb_section]<\/p>\n","protected":false},"excerpt":{"rendered":"<p>ARCHADIE s.r.o. Kubel\u00edkova 1224\/42 130 00 Praha 3 I\u010cO: 28089103 DI\u010c: CZ28089103 tel.: 777 555 298 e-mail: info@archadie.cz &nbsp; &nbsp;<\/p>\n","protected":false},"author":1,"featured_media":0,"parent":0,"menu_order":0,"comment_status":"closed","ping_status":"open","template":"","meta":{"ngg_post_thumbnail":0,"_et_pb_use_builder":"on","_et_pb_old_content":"<p style=\"text-align: left;\"><strong>ARCHADIE s.r.o.<\/strong><\/p>\n<p style=\"text-align: left;\">Kubel\u00edkova 1224\/42<\/p>\n<p style=\"text-align: left;\">130 00 Praha 3<\/p>\n<p style=\"text-align: left;\">I\u010cO: 28089103<\/p>\n<p style=\"text-align: left;\">DI\u010c: CZ28089103<\/p>\n<p style=\"text-align: left;\">tel.: <strong>606 062 043<\/strong><\/p>\n<p style=\"text-align: left;\">e-mail: <strong>info@archadie.cz<\/strong><\/p>\n<p style=\"text-align: left;\">Certifik\u00e1ty ke sta\u017een\u00ed <span style=\"text-decoration: underline;\"><strong><a href=\"http:\/\/www.wcbidet.cz\/ke-stazeni\" target=\"_blank\" rel=\"noopener noreferrer\">ZDE<\/a><\/strong><\/span><\/p>\n<p style=\"text-align: left;\"><strong>Sklad T\u00e1bor:<\/strong><\/p>\n<p style=\"text-align: left;\">Dru\u017estevn\u00ed 245<\/p>\n<p style=\"text-align: left;\">390 01 T\u00e1bor<\/p>\n<p style=\"text-align: left;\">tel.: <strong>606 062 043<\/strong><\/p>\n<p style=\"text-align: left;\">&nbsp;<\/p>\n<p style=\"text-align: left;\"><span style=\"text-decoration: underline;\"><strong>KOMPLETN\u00cd SEZNAM NA\u0160ICH OBCHODN\u00cdCH PARTNER\u016e NAJDETE V MAP\u011a NA T\u00c9TO STR\u00c1NCE N\u00cd\u017dE.<\/strong><\/span><\/p>\n<p style=\"text-align: left;\">P\u0159\u00edpadn\u011b n\u00e1s kontaktujte t\u00edmto formul\u00e1\u0159em:<\/p>\n[contact-form-7 id=\"78\" title=\"Kontaktn\u00ed formul\u00e1\u0159 &nbsp;1\"]\n<script>\/\/ <![CDATA[ (function(i,s,o,g,r,a,m){i['GoogleAnalyticsObject']=r;i[r]=i[r]||function(){ (i[r].q=i[r].q||[]).push(arguments)},i[r].l=1*new Date();a=s.createElement(o), m=s.getElementsByTagName(o)[0];a.async=1;a.src=g;m.parentNode.insertBefore(a,m) })(window,document,'script','https:\/\/www.google-analytics.com\/analytics.js','ga'); ga('create', 'UA-79356055-1', 'auto'); ga('send', 'pageview'); \/\/ ]]><\/script>","_et_gb_content_width":""},"_links":{"self":[{"href":"https:\/\/www.archadie.cz\/index.php?rest_route=\/wp\/v2\/pages\/20"}],"collection":[{"href":"https:\/\/www.archadie.cz\/index.php?rest_route=\/wp\/v2\/pages"}],"about":[{"href":"https:\/\/www.archadie.cz\/index.php?rest_route=\/wp\/v2\/types\/page"}],"author":[{"embeddable":true,"href":"https:\/\/www.archadie.cz\/index.php?rest_route=\/wp\/v2\/users\/1"}],"replies":[{"embeddable":true,"href":"https:\/\/www.archadie.cz\/index.php?rest_route=%2Fwp%2Fv2%2Fcomments&post=20"}],"version-history":[{"count":15,"href":"https:\/\/www.archadie.cz\/index.php?rest_route=\/wp\/v2\/pages\/20\/revisions"}],"predecessor-version":[{"id":734,"href":"https:\/\/www.archadie.cz\/index.php?rest_route=\/wp\/v2\/pages\/20\/revisions\/734"}],"wp:attachment":[{"href":"https:\/\/www.archadie.cz\/index.php?rest_route=%2Fwp%2Fv2%2Fmedia&parent=20"}],"curies":[{"name":"wp","href":"https:\/\/api.w.org\/{rel}","templated":true}]}}